{"id":11008,"date":"2020-11-05T16:17:50","date_gmt":"2020-11-05T15:17:50","guid":{"rendered":"https:\/\/dansjeleven.nl\/shop\/"},"modified":"2020-11-05T16:17:50","modified_gmt":"2020-11-05T15:17:50","slug":"shop","status":"publish","type":"page","link":"https:\/\/dansjeleven.nl\/en\/shop\/","title":{"rendered":"Shop"},"content":{"rendered":"<p style=\"text-align: center;\"><strong>Webshop DansjeWinkeltje<\/strong><\/p>\n<p>Je bent nu op de product pagina van Dansjeleven. Op dit moment hebben we 2 producten. E\u00e9n om te reserveren voor de 5Ritmes lessen op zondag (ochtend en avond) en \u00e9\u00e9n om bij deze lessen op de wachtlijst te komen. Klik in beide gevallen op &#8216;kies een optie&#8217; om alle beschikbare data te zien.<br \/>\nAls je straks een account maakt, dan hoef je de volgende keer veel minder in te vullen.<\/p>\n<p>&nbsp;<\/p>\n","protected":false},"excerpt":{"rendered":"<p>Webshop DansjeWinkeltje Je bent nu op de product pagina van Dansjeleven. Op dit moment hebben we 2 producten. E\u00e9n om te reserveren voor de 5Ritmes lessen op zondag (ochtend en avond) en \u00e9\u00e9n om bij deze lessen op de wachtlijst te komen. Klik in beide gevallen op &#8216;kies een optie&#8217; om alle beschikbare data te [&hellip;]<\/p>\n","protected":false},"author":1,"featured_media":0,"parent":0,"menu_order":0,"comment_status":"closed","ping_status":"closed","template":"","meta":{"footnotes":""},"class_list":["post-11008","page","type-page","status-publish","hentry","post"],"_links":{"self":[{"href":"https:\/\/dansjeleven.nl\/en\/wp-json\/wp\/v2\/pages\/11008","targetHints":{"allow":["GET"]}}],"collection":[{"href":"https:\/\/dansjeleven.nl\/en\/wp-json\/wp\/v2\/pages"}],"about":[{"href":"https:\/\/dansjeleven.nl\/en\/wp-json\/wp\/v2\/types\/page"}],"author":[{"embeddable":true,"href":"https:\/\/dansjeleven.nl\/en\/wp-json\/wp\/v2\/users\/1"}],"replies":[{"embeddable":true,"href":"https:\/\/dansjeleven.nl\/en\/wp-json\/wp\/v2\/comments?post=11008"}],"version-history":[{"count":0,"href":"https:\/\/dansjeleven.nl\/en\/wp-json\/wp\/v2\/pages\/11008\/revisions"}],"wp:attachment":[{"href":"https:\/\/dansjeleven.nl\/en\/wp-json\/wp\/v2\/media?parent=11008"}],"curies":[{"name":"wp","href":"https:\/\/api.w.org\/{rel}","templated":true}]}}